{"id":8,"date":"2024-07-18T12:40:05","date_gmt":"2024-07-18T10:40:05","guid":{"rendered":"http:\/\/www.laponie.expert\/?page_id=8"},"modified":"2024-07-20T11:26:12","modified_gmt":"2024-07-20T09:26:12","slug":"voyages-sejours-laponie-finlandaise-suedoise-2024-2025-2026-laponie-expert-2","status":"publish","type":"page","link":"https:\/\/www.laponie.expert\/","title":{"rendered":"voyages en Laponie finlandaise ou su\u00e9doise"},"content":{"rendered":"\n<figure class=\"wp-block-image size-full\"><img loading=\"lazy\" decoding=\"async\" width=\"918\" height=\"612\" src=\"http:\/\/www.laponie.expert\/wp-content\/uploads\/2024\/07\/voyages-sejours-laponie-finlandaise-suedoise-2024-2025-2026-laponie-expert.jpg\" alt=\"voyages s\u00e9jours Laponie finlandaise su\u00e9doise 2024 2025 2026 Laponie Expert\" class=\"wp-image-10\" srcset=\"https:\/\/www.laponie.expert\/wp-content\/uploads\/2024\/07\/voyages-sejours-laponie-finlandaise-suedoise-2024-2025-2026-laponie-expert.jpg 918w, https:\/\/www.laponie.expert\/wp-content\/uploads\/2024\/07\/voyages-sejours-laponie-finlandaise-suedoise-2024-2025-2026-laponie-expert-300x200.jpg 300w, https:\/\/www.laponie.expert\/wp-content\/uploads\/2024\/07\/voyages-sejours-laponie-finlandaise-suedoise-2024-2025-2026-laponie-expert-768x512.jpg 768w, https:\/\/www.laponie.expert\/wp-content\/uploads\/2024\/07\/voyages-sejours-laponie-finlandaise-suedoise-2024-2025-2026-laponie-expert-90x60.jpg 90w, https:\/\/www.laponie.expert\/wp-content\/uploads\/2024\/07\/voyages-sejours-laponie-finlandaise-suedoise-2024-2025-2026-laponie-expert-420x280.jpg 420w\" sizes=\"auto, (max-width: 918px) 100vw, 918px\" \/><figcaption class=\"wp-element-caption\">voyages s\u00e9jours Laponie finlandaise su\u00e9doise 2024 2025 2026 Laponie Expert<\/figcaption><\/figure>\n\n\n\n<p>Nos voyages et s\u00e9jours en Laponie finlandaise ou su\u00e9dois<br>Bien loin de l\u2019agitation quotidienne des grandes metropoles, la Laponie est synonyme de paix, de grandes \u00e9tendues et d\u2019un grand sentiment de libert\u00e9. Cette r\u00e9gion, avec ses for\u00eats denses, ses hauts-plateaux accident\u00e9s et ses montagnes abruptes, est encore intacte et d\u2019une grande puret\u00e9. Gr\u00e2ce \u00e0 sa situation arctique, au-del\u00e0 du cercle polaire, le soleil ne daigne pratiquement pas se coucher en \u00e9t\u00e9 et reste flotter dans le ciel. Si vous optez pour un voyage hivernal en Laponie, ce sont les aurores bor\u00e9ales qui se donnent en spectacle pour notre plus grand bonheur ! Cette r\u00e9gion, avec ses for\u00eats denses, ses hauts-plateaux accident\u00e9s et ses montagnes abruptes, est encore intacte et d\u2019une grande puret\u00e9.<br>La Laponie n\u2019est pas un pays, mais une r\u00e9gion du nord de la Scandinavie, qui s\u2019\u00e9tend de Troms\u00f8 en Norv\u00e8ge, jusqu\u2019\u00e0 Murmansk, dans l\u2019ouest de la Russie. Jetez un \u0153il \u00e0 la carte de la Laponie. Ces contr\u00e9es chevauchent le territoire des \u2018S\u00e1mis\u2019. Les S\u00e1mis sont le peuple indig\u00e8ne de Laponie. Les premiers S\u00e1mis \u00e9taient des p\u00eacheurs ou des \u00e9leveurs de rennes, qui vivaient de fa\u00e7on nomade. De nos jours, ils travaillent dans toutes sortes de secteurs et, comme les autres Scandinaves, ils vivent dans des villages ordinaires. Qu\u2019est-ce qui les lie encore ? Le lien profond qu\u2019ils ont toujours nou\u00e9 avec la nature. En Laponie, attendez-vous \u00e0 une immersion dans leur traditions et leur mode de vie.<\/p>\n\n\n\n<p>D\u00e9couvrez nos voyages :<br>&#8211; <a href=\"https:\/\/www.laponie.expert\/index.php\/aurora-mountain-lodge-laponie-suedoise-voyage-sejour-depart-bruxelles-zaventem-amsterdam-schiphol-2024-2025-2026\/\">Voyages Laponie su\u00e9doise, hiver 2024 2025, Merveilles de la Laponie, Aurora Mountain Lodge, 8 jours<\/a><br>&#8211; <a href=\"https:\/\/www.laponie.expert\/index.php\/grand-arctic-resort-laponie-suedoise-voyages-sejours-vol-depart-belgique-bruxelles-zaventem-2024-2025-2026\/\">Voyage Laponie su\u00e9doise, hiver 2024 2025, Semaine au Grand Artctic Resort, 8 jours<\/a><\/p>\n\n\n\n<p><\/p>\n\n\n\n<p><\/p>\n\n\n\n<p><\/p>\n\n\n\n<p><strong>Laponie Expert<\/strong><br>voyages s\u00e9jours Laponie finlandaise su\u00e9doise 2024 2025 2026 Laponie Expert<br>voyages s\u00e9jours au d\u00e9part de la Belgique, Allemagne, Pays-Bas ou de la France<br>D\u00e9part de Belgique : vols au d\u00e9part de Bruxelles &#8211; Zaventem<br>D\u00e9part d&rsquo;Allemagne : vols au d\u00e9part de D\u00fcsseldorf<br>D\u00e9part des Pays -Bas : vols au d\u00e9part d&rsquo;Amsterdam Schiphol, de Rotterdam<br>D\u00e9part de France : vols au d\u00e9part d&rsquo;Orly Paris<\/p>\n\n\n\n<p>Voyages s\u00e9jours Laponie au d\u00e9part de la Belgique :<br>&#8211; <a href=\"https:\/\/www.laponie.expert\/index.php\/voyage-laponie-depart-belgique-bruxelles-aeroport-brussels-airport-laponie-suedoise-et-finlandaise\/\">Voyage Laponie d\u00e9part Belgique, Bruxelles a\u00e9roport, Brussels airport, Laponie su\u00e9doise et finlandaise<\/a><br><\/p>\n\n\n\n<p><\/p>\n\n\n","protected":false},"excerpt":{"rendered":"<p>Nos voyages et s\u00e9jours en Laponie finlandaise ou su\u00e9doisBien loin de l\u2019agitation quotidienne des grandes metropoles, la Laponie est synonyme de paix, de grandes \u00e9tendues &hellip; <\/p>\n","protected":false},"author":1,"featured_media":0,"parent":0,"menu_order":0,"comment_status":"closed","ping_status":"closed","template":"","meta":{"footnotes":""},"class_list":["post-8","page","type-page","status-publish","hentry","latest_post"],"yoast_head":"<!-- This site is optimized with the Yoast SEO plugin v23.0 - https:\/\/yoast.com\/wordpress\/plugins\/seo\/ -->\n<title>voyages s\u00e9jours Laponie finlandaise su\u00e9doise 2024 2025 2026 Laponie Expert, voyage Laponie d\u00e9part Bruxelles Belgique<\/title>\n<meta name=\"description\" content=\"voyages s\u00e9jours Laponie finlandaise su\u00e9doise 2024 2025 2026 Laponie Expert, voyage Laponie d\u00e9part Bruxelles Belgique, voyage s\u00e9jour Laponie finlandaise su\u00e9doise 2024 2025 2026 Laponie Expert\" \/>\n<meta name=\"robots\" content=\"index, follow, max-snippet:-1, max-image-preview:large, max-video-preview:-1\" \/>\n<link rel=\"canonical\" href=\"https:\/\/www.laponie.expert\/\" \/>\n<meta property=\"og:locale\" content=\"fr_FR\" \/>\n<meta property=\"og:type\" content=\"article\" \/>\n<meta property=\"og:title\" content=\"voyages s\u00e9jours Laponie finlandaise su\u00e9doise 2024 2025 2026 Laponie Expert, voyage Laponie d\u00e9part Bruxelles Belgique\" \/>\n<meta property=\"og:description\" content=\"voyages s\u00e9jours Laponie finlandaise su\u00e9doise 2024 2025 2026 Laponie Expert, voyage Laponie d\u00e9part Bruxelles Belgique, voyage s\u00e9jour Laponie finlandaise su\u00e9doise 2024 2025 2026 Laponie Expert\" \/>\n<meta property=\"og:url\" content=\"https:\/\/www.laponie.expert\/\" \/>\n<meta property=\"og:site_name\" content=\"Laponie Expert\" \/>\n<meta property=\"article:modified_time\" content=\"2024-07-20T09:26:12+00:00\" \/>\n<meta property=\"og:image\" content=\"http:\/\/www.laponie.expert\/wp-content\/uploads\/2024\/07\/voyages-sejours-laponie-finlandaise-suedoise-2024-2025-2026-laponie-expert.jpg\" \/>\n<meta name=\"twitter:card\" content=\"summary_large_image\" \/>\n<meta name=\"twitter:label1\" content=\"Dur\u00e9e de lecture estim\u00e9e\" \/>\n\t<meta name=\"twitter:data1\" content=\"3 minutes\" \/>\n<script type=\"application\/ld+json\" class=\"yoast-schema-graph\">{\"@context\":\"https:\/\/schema.org\",\"@graph\":[{\"@type\":\"WebPage\",\"@id\":\"https:\/\/www.laponie.expert\/\",\"url\":\"https:\/\/www.laponie.expert\/\",\"name\":\"voyages s\u00e9jours Laponie finlandaise su\u00e9doise 2024 2025 2026 Laponie Expert, voyage Laponie d\u00e9part Bruxelles Belgique\",\"isPartOf\":{\"@id\":\"https:\/\/www.laponie.expert\/#website\"},\"primaryImageOfPage\":{\"@id\":\"https:\/\/www.laponie.expert\/#primaryimage\"},\"image\":{\"@id\":\"https:\/\/www.laponie.expert\/#primaryimage\"},\"thumbnailUrl\":\"http:\/\/www.laponie.expert\/wp-content\/uploads\/2024\/07\/voyages-sejours-laponie-finlandaise-suedoise-2024-2025-2026-laponie-expert.jpg\",\"datePublished\":\"2024-07-18T10:40:05+00:00\",\"dateModified\":\"2024-07-20T09:26:12+00:00\",\"description\":\"voyages s\u00e9jours Laponie finlandaise su\u00e9doise 2024 2025 2026 Laponie Expert, voyage Laponie d\u00e9part Bruxelles Belgique, voyage s\u00e9jour Laponie finlandaise su\u00e9doise 2024 2025 2026 Laponie Expert\",\"breadcrumb\":{\"@id\":\"https:\/\/www.laponie.expert\/#breadcrumb\"},\"inLanguage\":\"fr-FR\",\"potentialAction\":[{\"@type\":\"ReadAction\",\"target\":[\"https:\/\/www.laponie.expert\/\"]}]},{\"@type\":\"ImageObject\",\"inLanguage\":\"fr-FR\",\"@id\":\"https:\/\/www.laponie.expert\/#primaryimage\",\"url\":\"https:\/\/www.laponie.expert\/wp-content\/uploads\/2024\/07\/voyages-sejours-laponie-finlandaise-suedoise-2024-2025-2026-laponie-expert.jpg\",\"contentUrl\":\"https:\/\/www.laponie.expert\/wp-content\/uploads\/2024\/07\/voyages-sejours-laponie-finlandaise-suedoise-2024-2025-2026-laponie-expert.jpg\",\"width\":918,\"height\":612,\"caption\":\"voyages s\u00e9jours Laponie finlandaise su\u00e9doise 2024 2025 2026 Laponie Expert\"},{\"@type\":\"BreadcrumbList\",\"@id\":\"https:\/\/www.laponie.expert\/#breadcrumb\",\"itemListElement\":[{\"@type\":\"ListItem\",\"position\":1,\"name\":\"Accueil\",\"item\":\"https:\/\/www.laponie.expert\/\"},{\"@type\":\"ListItem\",\"position\":2,\"name\":\"voyages en Laponie finlandaise ou su\u00e9doise\"}]},{\"@type\":\"WebSite\",\"@id\":\"https:\/\/www.laponie.expert\/#website\",\"url\":\"https:\/\/www.laponie.expert\/\",\"name\":\"Laponie Expert\",\"description\":\"Voyages en Laponie finlandaise et su\u00e9doise\",\"potentialAction\":[{\"@type\":\"SearchAction\",\"target\":{\"@type\":\"EntryPoint\",\"urlTemplate\":\"https:\/\/www.laponie.expert\/?s={search_term_string}\"},\"query-input\":\"required name=search_term_string\"}],\"inLanguage\":\"fr-FR\"}]}<\/script>\n<!-- \/ Yoast SEO plugin. -->","yoast_head_json":{"title":"voyages s\u00e9jours Laponie finlandaise su\u00e9doise 2024 2025 2026 Laponie Expert, voyage Laponie d\u00e9part Bruxelles Belgique","description":"voyages s\u00e9jours Laponie finlandaise su\u00e9doise 2024 2025 2026 Laponie Expert, voyage Laponie d\u00e9part Bruxelles Belgique, voyage s\u00e9jour Laponie finlandaise su\u00e9doise 2024 2025 2026 Laponie Expert","robots":{"index":"index","follow":"follow","max-snippet":"max-snippet:-1","max-image-preview":"max-image-preview:large","max-video-preview":"max-video-preview:-1"},"canonical":"https:\/\/www.laponie.expert\/","og_locale":"fr_FR","og_type":"article","og_title":"voyages s\u00e9jours Laponie finlandaise su\u00e9doise 2024 2025 2026 Laponie Expert, voyage Laponie d\u00e9part Bruxelles Belgique","og_description":"voyages s\u00e9jours Laponie finlandaise su\u00e9doise 2024 2025 2026 Laponie Expert, voyage Laponie d\u00e9part Bruxelles Belgique, voyage s\u00e9jour Laponie finlandaise su\u00e9doise 2024 2025 2026 Laponie Expert","og_url":"https:\/\/www.laponie.expert\/","og_site_name":"Laponie Expert","article_modified_time":"2024-07-20T09:26:12+00:00","og_image":[{"url":"http:\/\/www.laponie.expert\/wp-content\/uploads\/2024\/07\/voyages-sejours-laponie-finlandaise-suedoise-2024-2025-2026-laponie-expert.jpg"}],"twitter_card":"summary_large_image","twitter_misc":{"Dur\u00e9e de lecture estim\u00e9e":"3 minutes"},"schema":{"@context":"https:\/\/schema.org","@graph":[{"@type":"WebPage","@id":"https:\/\/www.laponie.expert\/","url":"https:\/\/www.laponie.expert\/","name":"voyages s\u00e9jours Laponie finlandaise su\u00e9doise 2024 2025 2026 Laponie Expert, voyage Laponie d\u00e9part Bruxelles Belgique","isPartOf":{"@id":"https:\/\/www.laponie.expert\/#website"},"primaryImageOfPage":{"@id":"https:\/\/www.laponie.expert\/#primaryimage"},"image":{"@id":"https:\/\/www.laponie.expert\/#primaryimage"},"thumbnailUrl":"http:\/\/www.laponie.expert\/wp-content\/uploads\/2024\/07\/voyages-sejours-laponie-finlandaise-suedoise-2024-2025-2026-laponie-expert.jpg","datePublished":"2024-07-18T10:40:05+00:00","dateModified":"2024-07-20T09:26:12+00:00","description":"voyages s\u00e9jours Laponie finlandaise su\u00e9doise 2024 2025 2026 Laponie Expert, voyage Laponie d\u00e9part Bruxelles Belgique, voyage s\u00e9jour Laponie finlandaise su\u00e9doise 2024 2025 2026 Laponie Expert","breadcrumb":{"@id":"https:\/\/www.laponie.expert\/#breadcrumb"},"inLanguage":"fr-FR","potentialAction":[{"@type":"ReadAction","target":["https:\/\/www.laponie.expert\/"]}]},{"@type":"ImageObject","inLanguage":"fr-FR","@id":"https:\/\/www.laponie.expert\/#primaryimage","url":"https:\/\/www.laponie.expert\/wp-content\/uploads\/2024\/07\/voyages-sejours-laponie-finlandaise-suedoise-2024-2025-2026-laponie-expert.jpg","contentUrl":"https:\/\/www.laponie.expert\/wp-content\/uploads\/2024\/07\/voyages-sejours-laponie-finlandaise-suedoise-2024-2025-2026-laponie-expert.jpg","width":918,"height":612,"caption":"voyages s\u00e9jours Laponie finlandaise su\u00e9doise 2024 2025 2026 Laponie Expert"},{"@type":"BreadcrumbList","@id":"https:\/\/www.laponie.expert\/#breadcrumb","itemListElement":[{"@type":"ListItem","position":1,"name":"Accueil","item":"https:\/\/www.laponie.expert\/"},{"@type":"ListItem","position":2,"name":"voyages en Laponie finlandaise ou su\u00e9doise"}]},{"@type":"WebSite","@id":"https:\/\/www.laponie.expert\/#website","url":"https:\/\/www.laponie.expert\/","name":"Laponie Expert","description":"Voyages en Laponie finlandaise et su\u00e9doise","potentialAction":[{"@type":"SearchAction","target":{"@type":"EntryPoint","urlTemplate":"https:\/\/www.laponie.expert\/?s={search_term_string}"},"query-input":"required name=search_term_string"}],"inLanguage":"fr-FR"}]}},"_links":{"self":[{"href":"https:\/\/www.laponie.expert\/index.php\/wp-json\/wp\/v2\/pages\/8","targetHints":{"allow":["GET"]}}],"collection":[{"href":"https:\/\/www.laponie.expert\/index.php\/wp-json\/wp\/v2\/pages"}],"about":[{"href":"https:\/\/www.laponie.expert\/index.php\/wp-json\/wp\/v2\/types\/page"}],"author":[{"embeddable":true,"href":"https:\/\/www.laponie.expert\/index.php\/wp-json\/wp\/v2\/users\/1"}],"replies":[{"embeddable":true,"href":"https:\/\/www.laponie.expert\/index.php\/wp-json\/wp\/v2\/comments?post=8"}],"version-history":[{"count":8,"href":"https:\/\/www.laponie.expert\/index.php\/wp-json\/wp\/v2\/pages\/8\/revisions"}],"predecessor-version":[{"id":59,"href":"https:\/\/www.laponie.expert\/index.php\/wp-json\/wp\/v2\/pages\/8\/revisions\/59"}],"wp:attachment":[{"href":"https:\/\/www.laponie.expert\/index.php\/wp-json\/wp\/v2\/media?parent=8"}],"curies":[{"name":"wp","href":"https:\/\/api.w.org\/{rel}","templated":true}]}}