{"id":26,"date":"2024-07-19T11:31:34","date_gmt":"2024-07-19T09:31:34","guid":{"rendered":"https:\/\/www.laponie.expert\/?page_id=26"},"modified":"2024-07-19T11:57:02","modified_gmt":"2024-07-19T09:57:02","slug":"voyage-laponie-depart-belgique-bruxelles-aeroport-brussels-airport-laponie-suedoise-et-finlandaise","status":"publish","type":"page","link":"https:\/\/www.laponie.expert\/index.php\/voyage-laponie-depart-belgique-bruxelles-aeroport-brussels-airport-laponie-suedoise-et-finlandaise\/","title":{"rendered":"Voyages Laponie d\u00e9part de Belgique Bruxelles a\u00e9roport Brussels airport"},"content":{"rendered":"\n<figure class=\"wp-block-image size-full\"><img loading=\"lazy\" decoding=\"async\" width=\"918\" height=\"612\" src=\"http:\/\/www.laponie.expert\/wp-content\/uploads\/2024\/07\/voyage-laponie-depart-belgique-bruxelles-aeroport-brussels-airport-laponie-suedoise-et-finlandaise-laponie-expert.jpg\" alt=\"voyage Laponie d\u00e9part Belgique Bruxelles a\u00e9roport Brussels airport Laponie su\u00e9doise et finlandaise Laponie Expert\" class=\"wp-image-33\" srcset=\"https:\/\/www.laponie.expert\/wp-content\/uploads\/2024\/07\/voyage-laponie-depart-belgique-bruxelles-aeroport-brussels-airport-laponie-suedoise-et-finlandaise-laponie-expert.jpg 918w, https:\/\/www.laponie.expert\/wp-content\/uploads\/2024\/07\/voyage-laponie-depart-belgique-bruxelles-aeroport-brussels-airport-laponie-suedoise-et-finlandaise-laponie-expert-300x200.jpg 300w, https:\/\/www.laponie.expert\/wp-content\/uploads\/2024\/07\/voyage-laponie-depart-belgique-bruxelles-aeroport-brussels-airport-laponie-suedoise-et-finlandaise-laponie-expert-768x512.jpg 768w, https:\/\/www.laponie.expert\/wp-content\/uploads\/2024\/07\/voyage-laponie-depart-belgique-bruxelles-aeroport-brussels-airport-laponie-suedoise-et-finlandaise-laponie-expert-90x60.jpg 90w, https:\/\/www.laponie.expert\/wp-content\/uploads\/2024\/07\/voyage-laponie-depart-belgique-bruxelles-aeroport-brussels-airport-laponie-suedoise-et-finlandaise-laponie-expert-420x280.jpg 420w\" sizes=\"auto, (max-width: 918px) 100vw, 918px\" \/><figcaption class=\"wp-element-caption\">voyage Laponie d\u00e9part Belgique Bruxelles a\u00e9roport Brussels airport Laponie su\u00e9doise et finlandaise Laponie Expert<\/figcaption><\/figure>\n\n\n\n<p>Vous \u00eates \u00e0 la recherche de vacances d\u2019hiver hors du commun ? Dans ce cas, optez pour la Laponie. Les aurores bor\u00e9ales seront la cerise sur le g\u00e2teau.<br>D\u00e9couvrez nos voyages en Laponie au d\u00e9part de la Belgique, Bruxelles a\u00e9roport, Brussels airport<\/p>\n","protected":false},"excerpt":{"rendered":"<p>Vous \u00eates \u00e0 la recherche de vacances d\u2019hiver hors du commun ? Dans ce cas, optez pour la Laponie. Les aurores bor\u00e9ales seront la cerise &hellip; <\/p>\n","protected":false},"author":1,"featured_media":0,"parent":0,"menu_order":0,"comment_status":"closed","ping_status":"closed","template":"","meta":{"footnotes":""},"class_list":["post-26","page","type-page","status-publish","hentry","latest_post"],"yoast_head":"<!-- This site is optimized with the Yoast SEO plugin v23.0 - https:\/\/yoast.com\/wordpress\/plugins\/seo\/ -->\n<title>Voyage Laponie d\u00e9part Belgique, Bruxelles a\u00e9roport, Brussels airport, Laponie su\u00e9doise et finlandaise<\/title>\n<meta name=\"description\" content=\"Voyage Laponie d\u00e9part de Belgique, Bruxelles a\u00e9roport, Brussels airport, Laponie su\u00e9doise et finlandaise, voyages s\u00e9jours Laponie d\u00e9part de Belgique, Bruxelles a\u00e9roport, Brussels airport, Laponie su\u00e9doise et finlandaise,\" \/>\n<meta name=\"robots\" content=\"index, follow, max-snippet:-1, max-image-preview:large, max-video-preview:-1\" \/>\n<link rel=\"canonical\" href=\"https:\/\/www.laponie.expert\/index.php\/voyage-laponie-depart-belgique-bruxelles-aeroport-brussels-airport-laponie-suedoise-et-finlandaise\/\" \/>\n<meta property=\"og:locale\" content=\"fr_FR\" \/>\n<meta property=\"og:type\" content=\"article\" \/>\n<meta property=\"og:title\" content=\"Voyage Laponie d\u00e9part Belgique, Bruxelles a\u00e9roport, Brussels airport, Laponie su\u00e9doise et finlandaise\" \/>\n<meta property=\"og:description\" content=\"Voyage Laponie d\u00e9part de Belgique, Bruxelles a\u00e9roport, Brussels airport, Laponie su\u00e9doise et finlandaise, voyages s\u00e9jours Laponie d\u00e9part de Belgique, Bruxelles a\u00e9roport, Brussels airport, Laponie su\u00e9doise et finlandaise,\" \/>\n<meta property=\"og:url\" content=\"https:\/\/www.laponie.expert\/index.php\/voyage-laponie-depart-belgique-bruxelles-aeroport-brussels-airport-laponie-suedoise-et-finlandaise\/\" \/>\n<meta property=\"og:site_name\" content=\"Laponie Expert\" \/>\n<meta property=\"article:modified_time\" content=\"2024-07-19T09:57:02+00:00\" \/>\n<meta property=\"og:image\" content=\"http:\/\/www.laponie.expert\/wp-content\/uploads\/2024\/07\/voyage-laponie-depart-belgique-bruxelles-aeroport-brussels-airport-laponie-suedoise-et-finlandaise-laponie-expert.jpg\" \/>\n<meta name=\"twitter:card\" content=\"summary_large_image\" \/>\n<meta name=\"twitter:label1\" content=\"Dur\u00e9e de lecture estim\u00e9e\" \/>\n\t<meta name=\"twitter:data1\" content=\"1 minute\" \/>\n<script type=\"application\/ld+json\" class=\"yoast-schema-graph\">{\"@context\":\"https:\/\/schema.org\",\"@graph\":[{\"@type\":\"WebPage\",\"@id\":\"https:\/\/www.laponie.expert\/index.php\/voyage-laponie-depart-belgique-bruxelles-aeroport-brussels-airport-laponie-suedoise-et-finlandaise\/\",\"url\":\"https:\/\/www.laponie.expert\/index.php\/voyage-laponie-depart-belgique-bruxelles-aeroport-brussels-airport-laponie-suedoise-et-finlandaise\/\",\"name\":\"Voyage Laponie d\u00e9part Belgique, Bruxelles a\u00e9roport, Brussels airport, Laponie su\u00e9doise et finlandaise\",\"isPartOf\":{\"@id\":\"https:\/\/www.laponie.expert\/#website\"},\"primaryImageOfPage\":{\"@id\":\"https:\/\/www.laponie.expert\/index.php\/voyage-laponie-depart-belgique-bruxelles-aeroport-brussels-airport-laponie-suedoise-et-finlandaise\/#primaryimage\"},\"image\":{\"@id\":\"https:\/\/www.laponie.expert\/index.php\/voyage-laponie-depart-belgique-bruxelles-aeroport-brussels-airport-laponie-suedoise-et-finlandaise\/#primaryimage\"},\"thumbnailUrl\":\"http:\/\/www.laponie.expert\/wp-content\/uploads\/2024\/07\/voyage-laponie-depart-belgique-bruxelles-aeroport-brussels-airport-laponie-suedoise-et-finlandaise-laponie-expert.jpg\",\"datePublished\":\"2024-07-19T09:31:34+00:00\",\"dateModified\":\"2024-07-19T09:57:02+00:00\",\"description\":\"Voyage Laponie d\u00e9part de Belgique, Bruxelles a\u00e9roport, Brussels airport, Laponie su\u00e9doise et finlandaise, voyages s\u00e9jours Laponie d\u00e9part de Belgique, Bruxelles a\u00e9roport, Brussels airport, Laponie su\u00e9doise et finlandaise,\",\"breadcrumb\":{\"@id\":\"https:\/\/www.laponie.expert\/index.php\/voyage-laponie-depart-belgique-bruxelles-aeroport-brussels-airport-laponie-suedoise-et-finlandaise\/#breadcrumb\"},\"inLanguage\":\"fr-FR\",\"potentialAction\":[{\"@type\":\"ReadAction\",\"target\":[\"https:\/\/www.laponie.expert\/index.php\/voyage-laponie-depart-belgique-bruxelles-aeroport-brussels-airport-laponie-suedoise-et-finlandaise\/\"]}]},{\"@type\":\"ImageObject\",\"inLanguage\":\"fr-FR\",\"@id\":\"https:\/\/www.laponie.expert\/index.php\/voyage-laponie-depart-belgique-bruxelles-aeroport-brussels-airport-laponie-suedoise-et-finlandaise\/#primaryimage\",\"url\":\"https:\/\/www.laponie.expert\/wp-content\/uploads\/2024\/07\/voyage-laponie-depart-belgique-bruxelles-aeroport-brussels-airport-laponie-suedoise-et-finlandaise-laponie-expert.jpg\",\"contentUrl\":\"https:\/\/www.laponie.expert\/wp-content\/uploads\/2024\/07\/voyage-laponie-depart-belgique-bruxelles-aeroport-brussels-airport-laponie-suedoise-et-finlandaise-laponie-expert.jpg\",\"width\":918,\"height\":612,\"caption\":\"voyage Laponie d\u00e9part Belgique Bruxelles a\u00e9roport Brussels airport Laponie su\u00e9doise et finlandaise Laponie Expert\"},{\"@type\":\"BreadcrumbList\",\"@id\":\"https:\/\/www.laponie.expert\/index.php\/voyage-laponie-depart-belgique-bruxelles-aeroport-brussels-airport-laponie-suedoise-et-finlandaise\/#breadcrumb\",\"itemListElement\":[{\"@type\":\"ListItem\",\"position\":1,\"name\":\"Accueil\",\"item\":\"https:\/\/www.laponie.expert\/\"},{\"@type\":\"ListItem\",\"position\":2,\"name\":\"Voyages Laponie d\u00e9part de Belgique Bruxelles a\u00e9roport Brussels airport\"}]},{\"@type\":\"WebSite\",\"@id\":\"https:\/\/www.laponie.expert\/#website\",\"url\":\"https:\/\/www.laponie.expert\/\",\"name\":\"Laponie Expert\",\"description\":\"Voyages en Laponie finlandaise et su\u00e9doise\",\"potentialAction\":[{\"@type\":\"SearchAction\",\"target\":{\"@type\":\"EntryPoint\",\"urlTemplate\":\"https:\/\/www.laponie.expert\/?s={search_term_string}\"},\"query-input\":\"required name=search_term_string\"}],\"inLanguage\":\"fr-FR\"}]}<\/script>\n<!-- \/ Yoast SEO plugin. -->","yoast_head_json":{"title":"Voyage Laponie d\u00e9part Belgique, Bruxelles a\u00e9roport, Brussels airport, Laponie su\u00e9doise et finlandaise","description":"Voyage Laponie d\u00e9part de Belgique, Bruxelles a\u00e9roport, Brussels airport, Laponie su\u00e9doise et finlandaise, voyages s\u00e9jours Laponie d\u00e9part de Belgique, Bruxelles a\u00e9roport, Brussels airport, Laponie su\u00e9doise et finlandaise,","robots":{"index":"index","follow":"follow","max-snippet":"max-snippet:-1","max-image-preview":"max-image-preview:large","max-video-preview":"max-video-preview:-1"},"canonical":"https:\/\/www.laponie.expert\/index.php\/voyage-laponie-depart-belgique-bruxelles-aeroport-brussels-airport-laponie-suedoise-et-finlandaise\/","og_locale":"fr_FR","og_type":"article","og_title":"Voyage Laponie d\u00e9part Belgique, Bruxelles a\u00e9roport, Brussels airport, Laponie su\u00e9doise et finlandaise","og_description":"Voyage Laponie d\u00e9part de Belgique, Bruxelles a\u00e9roport, Brussels airport, Laponie su\u00e9doise et finlandaise, voyages s\u00e9jours Laponie d\u00e9part de Belgique, Bruxelles a\u00e9roport, Brussels airport, Laponie su\u00e9doise et finlandaise,","og_url":"https:\/\/www.laponie.expert\/index.php\/voyage-laponie-depart-belgique-bruxelles-aeroport-brussels-airport-laponie-suedoise-et-finlandaise\/","og_site_name":"Laponie Expert","article_modified_time":"2024-07-19T09:57:02+00:00","og_image":[{"url":"http:\/\/www.laponie.expert\/wp-content\/uploads\/2024\/07\/voyage-laponie-depart-belgique-bruxelles-aeroport-brussels-airport-laponie-suedoise-et-finlandaise-laponie-expert.jpg"}],"twitter_card":"summary_large_image","twitter_misc":{"Dur\u00e9e de lecture estim\u00e9e":"1 minute"},"schema":{"@context":"https:\/\/schema.org","@graph":[{"@type":"WebPage","@id":"https:\/\/www.laponie.expert\/index.php\/voyage-laponie-depart-belgique-bruxelles-aeroport-brussels-airport-laponie-suedoise-et-finlandaise\/","url":"https:\/\/www.laponie.expert\/index.php\/voyage-laponie-depart-belgique-bruxelles-aeroport-brussels-airport-laponie-suedoise-et-finlandaise\/","name":"Voyage Laponie d\u00e9part Belgique, Bruxelles a\u00e9roport, Brussels airport, Laponie su\u00e9doise et finlandaise","isPartOf":{"@id":"https:\/\/www.laponie.expert\/#website"},"primaryImageOfPage":{"@id":"https:\/\/www.laponie.expert\/index.php\/voyage-laponie-depart-belgique-bruxelles-aeroport-brussels-airport-laponie-suedoise-et-finlandaise\/#primaryimage"},"image":{"@id":"https:\/\/www.laponie.expert\/index.php\/voyage-laponie-depart-belgique-bruxelles-aeroport-brussels-airport-laponie-suedoise-et-finlandaise\/#primaryimage"},"thumbnailUrl":"http:\/\/www.laponie.expert\/wp-content\/uploads\/2024\/07\/voyage-laponie-depart-belgique-bruxelles-aeroport-brussels-airport-laponie-suedoise-et-finlandaise-laponie-expert.jpg","datePublished":"2024-07-19T09:31:34+00:00","dateModified":"2024-07-19T09:57:02+00:00","description":"Voyage Laponie d\u00e9part de Belgique, Bruxelles a\u00e9roport, Brussels airport, Laponie su\u00e9doise et finlandaise, voyages s\u00e9jours Laponie d\u00e9part de Belgique, Bruxelles a\u00e9roport, Brussels airport, Laponie su\u00e9doise et finlandaise,","breadcrumb":{"@id":"https:\/\/www.laponie.expert\/index.php\/voyage-laponie-depart-belgique-bruxelles-aeroport-brussels-airport-laponie-suedoise-et-finlandaise\/#breadcrumb"},"inLanguage":"fr-FR","potentialAction":[{"@type":"ReadAction","target":["https:\/\/www.laponie.expert\/index.php\/voyage-laponie-depart-belgique-bruxelles-aeroport-brussels-airport-laponie-suedoise-et-finlandaise\/"]}]},{"@type":"ImageObject","inLanguage":"fr-FR","@id":"https:\/\/www.laponie.expert\/index.php\/voyage-laponie-depart-belgique-bruxelles-aeroport-brussels-airport-laponie-suedoise-et-finlandaise\/#primaryimage","url":"https:\/\/www.laponie.expert\/wp-content\/uploads\/2024\/07\/voyage-laponie-depart-belgique-bruxelles-aeroport-brussels-airport-laponie-suedoise-et-finlandaise-laponie-expert.jpg","contentUrl":"https:\/\/www.laponie.expert\/wp-content\/uploads\/2024\/07\/voyage-laponie-depart-belgique-bruxelles-aeroport-brussels-airport-laponie-suedoise-et-finlandaise-laponie-expert.jpg","width":918,"height":612,"caption":"voyage Laponie d\u00e9part Belgique Bruxelles a\u00e9roport Brussels airport Laponie su\u00e9doise et finlandaise Laponie Expert"},{"@type":"BreadcrumbList","@id":"https:\/\/www.laponie.expert\/index.php\/voyage-laponie-depart-belgique-bruxelles-aeroport-brussels-airport-laponie-suedoise-et-finlandaise\/#breadcrumb","itemListElement":[{"@type":"ListItem","position":1,"name":"Accueil","item":"https:\/\/www.laponie.expert\/"},{"@type":"ListItem","position":2,"name":"Voyages Laponie d\u00e9part de Belgique Bruxelles a\u00e9roport Brussels airport"}]},{"@type":"WebSite","@id":"https:\/\/www.laponie.expert\/#website","url":"https:\/\/www.laponie.expert\/","name":"Laponie Expert","description":"Voyages en Laponie finlandaise et su\u00e9doise","potentialAction":[{"@type":"SearchAction","target":{"@type":"EntryPoint","urlTemplate":"https:\/\/www.laponie.expert\/?s={search_term_string}"},"query-input":"required name=search_term_string"}],"inLanguage":"fr-FR"}]}},"_links":{"self":[{"href":"https:\/\/www.laponie.expert\/index.php\/wp-json\/wp\/v2\/pages\/26","targetHints":{"allow":["GET"]}}],"collection":[{"href":"https:\/\/www.laponie.expert\/index.php\/wp-json\/wp\/v2\/pages"}],"about":[{"href":"https:\/\/www.laponie.expert\/index.php\/wp-json\/wp\/v2\/types\/page"}],"author":[{"embeddable":true,"href":"https:\/\/www.laponie.expert\/index.php\/wp-json\/wp\/v2\/users\/1"}],"replies":[{"embeddable":true,"href":"https:\/\/www.laponie.expert\/index.php\/wp-json\/wp\/v2\/comments?post=26"}],"version-history":[{"count":4,"href":"https:\/\/www.laponie.expert\/index.php\/wp-json\/wp\/v2\/pages\/26\/revisions"}],"predecessor-version":[{"id":35,"href":"https:\/\/www.laponie.expert\/index.php\/wp-json\/wp\/v2\/pages\/26\/revisions\/35"}],"wp:attachment":[{"href":"https:\/\/www.laponie.expert\/index.php\/wp-json\/wp\/v2\/media?parent=26"}],"curies":[{"name":"wp","href":"https:\/\/api.w.org\/{rel}","templated":true}]}}